{"id":144,"date":"2019-01-10T11:25:10","date_gmt":"2019-01-10T09:25:10","guid":{"rendered":"http:\/\/smesas.lt\/?page_id=144"},"modified":"2026-01-02T14:04:42","modified_gmt":"2026-01-02T12:04:42","slug":"kainos","status":"publish","type":"page","link":"https:\/\/www.smesas.lt\/index.php\/kainos\/","title":{"rendered":"Kainos"},"content":{"rendered":"\r\n\r\n\r\n<p>Paskub\u0117kite registruotis i\u0161 anksto \u2013 pirmumas bus teikiamas ilgiausiam grafikui ir anks\u010diausiai pateiktam u\u017esakymui!<\/p>\r\n\r\n\r\n\r\n<table>\r\n<tbody>\r\n<tr>\r\n<th style=\"border-style: solid; border-width: 1px; border-collapse: collapse; vertical-align: top; width: 12%; padding: 2px; text-align: center;\">Laikas<\/th>\r\n<th style=\"border-style: solid; border-width: 1px; border-collapse: collapse; vertical-align: top; width: 7%; padding: 2px; text-align: center;\">Apsilankymo trukm\u0117<\/th>\r\n<th style=\"border-style: solid; border-width: 1px; border-collapse: collapse; vertical-align: top; width: 7%; padding: 2px; text-align: center;\">Vienkartinis<\/th>\r\n<th style=\"border-style: solid; border-width: 1px; border-collapse: collapse; vertical-align: top; width: 7%; padding: 2px; text-align: center;\">7 m\u0117nesiai<\/th>\r\n<th style=\"border-style: solid; border-width: 1px; border-collapse: collapse; vertical-align: top; width: 7%; padding: 2px; text-align: center;\">12 m\u0117nesi\u0173<\/th>\r\n<\/tr>\r\n<tr>\r\n<td style=\"border-style: solid; border-width: 1px; border-collapse: collapse; padding: 2px; text-align: center;\">8-10<\/td>\r\n<td style=\"border-style: solid; border-width: 1px; border-collapse: collapse; padding: 2px; text-align: center;\">1 val.<\/td>\r\n<td style=\"border-style: solid; border-width: 1px; border-collapse: collapse; padding: 2px; text-align: center;\">25<\/td>\r\n<td style=\"border-style: solid; border-width: 1px; border-collapse: collapse; padding: 2px; text-align: center;\">24<\/td>\r\n<td style=\"border-style: solid; border-width: 1px; border-collapse: collapse; padding: 2px; text-align: center;\">20<\/td>\r\n<\/tr>\r\n<tr>\r\n<td style=\"border-style: solid; border-width: 1px; border-collapse: collapse; padding: 2px; text-align: center;\">10-13<\/td>\r\n<td style=\"border-style: solid; border-width: 1px; border-collapse: collapse; padding: 2px; text-align: center;\">1 val.<\/td>\r\n<td style=\"border-style: solid; border-width: 1px; border-collapse: collapse; padding: 2px; text-align: center;\">28<\/td>\r\n<td style=\"border-style: solid; border-width: 1px; border-collapse: collapse; padding: 2px; text-align: center;\">25<\/td>\r\n<td style=\"border-style: solid; border-width: 1px; border-collapse: collapse; padding: 2px; text-align: center;\">22<\/td>\r\n<\/tr>\r\n<tr>\r\n<td style=\"border-style: solid; border-width: 1px; border-collapse: collapse; padding: 2px; text-align: center;\">13-17<\/td>\r\n<td style=\"border-style: solid; border-width: 1px; border-collapse: collapse; padding: 2px; text-align: center;\">1 val.<\/td>\r\n<td style=\"border-style: solid; border-width: 1px; border-collapse: collapse; padding: 2px; text-align: center;\">35<\/td>\r\n<td style=\"border-style: solid; border-width: 1px; border-collapse: collapse; padding: 2px; text-align: center;\">30<\/td>\r\n<td style=\"border-style: solid; border-width: 1px; border-collapse: collapse; padding: 2px; text-align: center;\">27<\/td>\r\n<\/tr>\r\n<tr>\r\n<td style=\"border-style: solid; border-width: 1px; border-collapse: collapse; padding: 2px; text-align: center;\">17-22<\/td>\r\n<td style=\"border-style: solid; border-width: 1px; border-collapse: collapse; padding: 2px; text-align: center;\">1 val.<\/td>\r\n<td style=\"border-style: solid; border-width: 1px; border-collapse: collapse; padding: 2px; text-align: center;\">40<\/td>\r\n<td style=\"border-style: solid; border-width: 1px; border-collapse: collapse; padding: 2px; text-align: center;\">35<\/td>\r\n<td style=\"border-style: solid; border-width: 1px; border-collapse: collapse; padding: 2px; text-align: center;\">31<\/td>\r\n<\/tr>\r\n<tr>\r\n<td style=\"border-style: solid; border-width: 1px; border-collapse: collapse; padding: 2px; text-align: center;\">Sekmadienis<\/td>\r\n<td style=\"border-style: solid; border-width: 1px; border-collapse: collapse; padding: 2px; text-align: center;\">1 val.<\/td>\r\n<td style=\"border-style: solid; border-width: 1px; border-collapse: collapse; padding: 2px; text-align: center;\">30<\/td>\r\n<td style=\"border-style: solid; border-width: 1px; border-collapse: collapse; padding: 2px; text-align: center;\">25<\/td>\r\n<td style=\"border-style: solid; border-width: 1px; border-collapse: collapse; padding: 2px; text-align: center;\">20<\/td>\r\n<\/tr>\r\n<\/tbody>\r\n<\/table>\r\n\r\n\r\n\r\n\r\n\r\n<p>Po aik\u0161tel\u0117s rezervavimo su Jumis susisieks konsultantas ir patikslins informacij\u0105. Pageidaujantys gali kreiptis d\u0117l nuolatinio teniso kort\u0173 lankymo grafiko sudarymo \u012f m\u016bs\u0173 konsultantus.<\/p>\r\n<p>\r\n\r\n<\/p>\r\n<p>Jei pageidaujate rake\u010di\u0173 nuomos paslaugos, pra\u0161ome apie tai informuoti konsultant\u0105.<\/p>\r\n<p>\r\n\r\n<\/p>\r\n<p>Inventori\u0173 nuomojame tokiomis kainomis:<\/p>\r\n<p>\r\n\r\n<\/p>\r\n<ul class=\"wp-block-list\">\r\n<li>Radaras \u2013 5 \u20ac u\u017e valand\u0105 (antra valanda \u2013 tik 3 \u20ac)<\/li>\r\n<li>Kamuoliuk\u0173 krep\u0161ys \u2013 5 \u20ac u\u017e valand\u0105 (antra valanda \u2013 tik 3 \u20ac)<\/li>\r\n<li>Teniso raket\u0117 \u2013 5 \u20ac u\u017e valand\u0105<\/li>\r\n<\/ul>\r\n","protected":false},"excerpt":{"rendered":"<p>Paskub\u0117kite registruotis i\u0161 anksto \u2013 pirmumas bus teikiamas ilgiausiam grafikui ir anks\u010diausiai pateiktam u\u017esakymui! Laikas Apsilankymo trukm\u0117 Vienkartinis 7 m\u0117nesiai 12 m\u0117nesi\u0173 8-10 1 val. 25 24 20 10-13 1 val. 28 25 22 13-17 1 val. 35 30 27 17-22 1 val. 40 35 31 Sekmadienis 1 val. 30 25 20 Po aik\u0161tel\u0117s rezervavimo su Jumis susisieks konsultantas ir patikslins informacij\u0105. Pageidaujantys gali kreiptis d\u0117l nuolatinio teniso kort\u0173 lankymo grafiko sudarymo \u012f m\u016bs\u0173 konsultantus. Jei pageidaujate rake\u010di\u0173 nuomos paslaugos, pra\u0161ome apie tai informuoti konsultant\u0105. Inventori\u0173 nuomojame tokiomis kainomis: Radaras \u2013 5 \u20ac u\u017e valand\u0105 (antra valanda \u2013 tik 3 \u20ac) Kamuoliuk\u0173 krep\u0161ys \u2013 5 \u20ac u\u017e valand\u0105 (antra valanda \u2013 tik 3 \u20ac) Teniso raket\u0117 \u2013 5 \u20ac u\u017e valand\u0105<\/p>\n","protected":false},"author":1,"featured_media":0,"parent":0,"menu_order":0,"comment_status":"closed","ping_status":"closed","template":"","meta":{"footnotes":""},"class_list":["post-144","page","type-page","status-publish","hentry"],"_links":{"self":[{"href":"https:\/\/www.smesas.lt\/index.php\/wp-json\/wp\/v2\/pages\/144","targetHints":{"allow":["GET"]}}],"collection":[{"href":"https:\/\/www.smesas.lt\/index.php\/wp-json\/wp\/v2\/pages"}],"about":[{"href":"https:\/\/www.smesas.lt\/index.php\/wp-json\/wp\/v2\/types\/page"}],"author":[{"embeddable":true,"href":"https:\/\/www.smesas.lt\/index.php\/wp-json\/wp\/v2\/users\/1"}],"replies":[{"embeddable":true,"href":"https:\/\/www.smesas.lt\/index.php\/wp-json\/wp\/v2\/comments?post=144"}],"version-history":[{"count":38,"href":"https:\/\/www.smesas.lt\/index.php\/wp-json\/wp\/v2\/pages\/144\/revisions"}],"predecessor-version":[{"id":444,"href":"https:\/\/www.smesas.lt\/index.php\/wp-json\/wp\/v2\/pages\/144\/revisions\/444"}],"wp:attachment":[{"href":"https:\/\/www.smesas.lt\/index.php\/wp-json\/wp\/v2\/media?parent=144"}],"curies":[{"name":"wp","href":"https:\/\/api.w.org\/{rel}","templated":true}]}}